{"id":121,"date":"2021-03-26T10:27:47","date_gmt":"2021-03-26T09:27:47","guid":{"rendered":"http:\/\/erca32.fr\/index.php\/page-dacceuil\/"},"modified":"2022-10-26T11:01:53","modified_gmt":"2022-10-26T09:01:53","slug":"page-dacceuil","status":"publish","type":"page","link":"https:\/\/erca32.fr\/","title":{"rendered":"Page d&rsquo;acceuil"},"content":{"rendered":"<div id=\"pl-121\"  class=\"panel-layout\" ><div id=\"pg-121-0\"  class=\"panel-grid panel-no-style\" ><div id=\"pgc-121-0-0\"  class=\"panel-grid-cell\" ><div id=\"panel-121-0-0-0\" class=\"so-panel widget widget_text panel-first-child panel-last-child\" data-index=\"0\" ><h3 class=\"widget-title\">Entrez dans une soci\u00e9t\u00e9 ouverte \u00e0 tous qui investit dans les EnR<\/h3>\t\t\t<div class=\"textwidget\"><p>&nbsp;<\/p>\n<p><img loading=\"lazy\" decoding=\"async\" class=\"size-medium wp-image-483 aligncenter\" src=\"http:\/\/erca32.fr\/wp-content\/uploads\/2021\/10\/picto-ERCA-13.png\" alt=\"\" width=\"235\" height=\"171\" \/><\/p>\n<\/div>\n\t\t<\/div><\/div><div id=\"pgc-121-0-1\"  class=\"panel-grid-cell\" ><div id=\"panel-121-0-1-0\" class=\"so-panel widget widget_text panel-first-child panel-last-child\" data-index=\"1\" ><h3 class=\"widget-title\">Participez au d\u00e9veloppement de votre territoire et \u00e0 sa transition \u00e9nerg\u00e9tique<\/h3>\t\t\t<div class=\"textwidget\"><p><img loading=\"lazy\" decoding=\"async\" class=\"size-full wp-image-488 aligncenter\" src=\"http:\/\/erca32.fr\/wp-content\/uploads\/2021\/10\/picto-ERCA-15.png\" alt=\"\" width=\"202\" height=\"112\" \/><\/p>\n<\/div>\n\t\t<\/div><\/div><div id=\"pgc-121-0-2\"  class=\"panel-grid-cell\" ><div id=\"panel-121-0-2-0\" class=\"so-panel widget widget_text panel-first-child panel-last-child\" data-index=\"2\" ><h3 class=\"widget-title\">Prenez part \u00e0 un projet qui profite 2 fois plus au territoire qu&rsquo;un projet priv\u00e9<\/h3>\t\t\t<div class=\"textwidget\"><p><img loading=\"lazy\" decoding=\"async\" class=\"size-full wp-image-482 aligncenter\" src=\"http:\/\/erca32.fr\/wp-content\/uploads\/2021\/10\/picto-ERCA-10.png\" alt=\"\" width=\"188\" height=\"165\" \/><\/p>\n<\/div>\n\t\t<\/div><\/div><\/div><div id=\"pg-121-1\"  class=\"panel-grid panel-no-style\" ><div id=\"pgc-121-1-0\"  class=\"panel-grid-cell\" ><div id=\"panel-121-1-0-0\" class=\"so-panel widget widget_sow-button panel-first-child panel-last-child\" data-index=\"3\" ><div\n\t\t\t\n\t\t\tclass=\"so-widget-sow-button so-widget-sow-button-atom-5f43b9c0783b-121\"\n\t\t\t\n\t\t><div class=\"ow-button-base ow-button-align-center\">\n\t\t\t<a\n\t\t\t\t\thref=\"https:\/\/erca32.fr\/index.php\/devenir-actionnaire\/\"\n\t\t\t\t\tclass=\"sowb-button ow-icon-placement-left ow-button-hover\" \t>\n\t\t<span>\n\t\t\t<span class=\"sow-icon-fontawesome sow-far\" data-sow-icon=\"&#xf044;\"\n\t\tstyle=\"color: #ffffff\" \n\t\taria-hidden=\"true\"><\/span>\n\t\t\tDevenez actionnaire !\t\t<\/span>\n\t\t\t<\/a>\n\t<\/div>\n<\/div><\/div><\/div><div id=\"pgc-121-1-1\"  class=\"panel-grid-cell\" ><div id=\"panel-121-1-1-0\" class=\"so-panel widget widget_sow-button panel-first-child panel-last-child\" data-index=\"4\" ><div\n\t\t\t\n\t\t\tclass=\"so-widget-sow-button so-widget-sow-button-atom-c3d077d1195f-121\"\n\t\t\t\n\t\t><div class=\"ow-button-base ow-button-align-center\">\n\t\t\t<a\n\t\t\t\t\thref=\"http:\/\/cadastre.astaracarros.fr\/\"\n\t\t\t\t\tclass=\"sowb-button ow-icon-placement-left ow-button-hover\" target=\"_blank\" rel=\"noopener noreferrer\" \t>\n\t\t<span>\n\t\t\t<span class=\"sow-icon-fontawesome sow-far\" data-sow-icon=\"&#xf185;\"\n\t\tstyle=\"color: #ffffff\" \n\t\taria-hidden=\"true\"><\/span>\n\t\t\tAcc\u00e9dez au cadastre solaire Astarac Arros\t\t<\/span>\n\t\t\t<\/a>\n\t<\/div>\n<\/div><\/div><\/div><\/div><div id=\"pg-121-2\"  class=\"panel-grid panel-no-style\" ><div id=\"pgc-121-2-0\"  class=\"panel-grid-cell\" ><div id=\"panel-121-2-0-0\" class=\"so-panel widget widget_siteorigin-panels-postloop panel-first-child panel-last-child\" data-index=\"5\" ><h3 class=\"widget-title\">Les actualit\u00e9s d&rsquo;ERCA<\/h3>\n\t<div id=\"vantage-grid-loop\" class=\"vantage-grid-loop grid-loop-columns-4\">\n\t\t\t\t\t<article class=\"grid-post post-668 post type-post status-publish format-standard has-post-thumbnail hentry category-non-classe post-with-thumbnail post-with-thumbnail-large\">\n\n\t\t\t\t\t\t\t\t\t<a class=\"grid-thumbnail\" href=\"https:\/\/erca32.fr\/index.php\/2025\/04\/04\/apres-saint-martin-il-nen-restera-quun\/\">\n\t\t\t\t\t\t<img loading=\"lazy\" decoding=\"async\" width=\"436\" height=\"272\" src=\"https:\/\/erca32.fr\/wp-content\/uploads\/2025\/04\/Image1-436x272.png\" class=\"attachment-vantage-grid-loop size-vantage-grid-loop wp-post-image\" alt=\"\" \/>\t\t\t\t\t<\/a>\n\t\t\t\t\n\t\t\t\t<h3><a href=\"https:\/\/erca32.fr\/index.php\/2025\/04\/04\/apres-saint-martin-il-nen-restera-quun\/\">Apr\u00e8s Saint-Martin, il n&rsquo;en restera qu&rsquo;un&#8230;<\/a><\/h3>\n\t\t\t\t<div class=\"excerpt\"><p>Notre sixi\u00e8me installation \u00e0 Saint Martin est l&rsquo;avant derni\u00e8re de cette premi\u00e8re grappe d&rsquo;investissement. C&rsquo;est \u00e0 ce jour la plus grosse centrale de la grappe avec 100kWc install\u00e9 sur la toiture de la salle des f\u00eates et de Campagn&rsquo;Art. Elle a \u00e9t\u00e9 mise en service le m\u00eame jour que celle de Sauviac, le 13\/12\/2024. L&rsquo;installation [&hellip;]<\/p>\n<\/div>\n\t\t\t\t\t\t\t\t\t\t\t<\/article>\n\t\t\t\t\t\t<article class=\"grid-post post-664 post type-post status-publish format-standard has-post-thumbnail hentry category-non-classe post-with-thumbnail post-with-thumbnail-large\">\n\n\t\t\t\t\t\t\t\t\t<a class=\"grid-thumbnail\" href=\"https:\/\/erca32.fr\/index.php\/2025\/04\/04\/a-sauviac-5-7-cest-pas-mal-non\/\">\n\t\t\t\t\t\t<img loading=\"lazy\" decoding=\"async\" width=\"436\" height=\"272\" src=\"https:\/\/erca32.fr\/wp-content\/uploads\/2025\/04\/20250331_153052-436x272.jpg\" class=\"attachment-vantage-grid-loop size-vantage-grid-loop wp-post-image\" alt=\"\" \/>\t\t\t\t\t<\/a>\n\t\t\t\t\n\t\t\t\t<h3><a href=\"https:\/\/erca32.fr\/index.php\/2025\/04\/04\/a-sauviac-5-7-cest-pas-mal-non\/\">A Sauviac 5\/7, c&rsquo;est pas mal non?<\/a><\/h3>\n\t\t\t\t<div class=\"excerpt\"><p>La cinqui\u00e8me centrale de notre grappe produit de l&rsquo;\u00e9nergie local sur la toiture de la salle des f\u00eates de Sauviac depuis le 13\/12\/2024. L&rsquo;installation de 36 kWc est compos\u00e9e de 34 modules solaire QCELLS Q.PEAK DUO M-G11S de 405Wc et d&rsquo;un onduleur triphas\u00e9 JORISOLAR 25 kW. Cette installation devrait produire plus de 46 MWh par [&hellip;]<\/p>\n<\/div>\n\t\t\t\t\t\t\t\t\t\t\t<\/article>\n\t\t\t\t\t\t<article class=\"grid-post post-653 post type-post status-publish format-standard has-post-thumbnail hentry category-non-classe post-with-thumbnail post-with-thumbnail-large\">\n\n\t\t\t\t\t\t\t\t\t<a class=\"grid-thumbnail\" href=\"https:\/\/erca32.fr\/index.php\/2025\/04\/04\/mais-ce-nest-pas-fini-il-y-a-saint-ost-aussi\/\">\n\t\t\t\t\t\t<img loading=\"lazy\" decoding=\"async\" width=\"436\" height=\"272\" src=\"https:\/\/erca32.fr\/wp-content\/uploads\/2025\/04\/Compil-1-436x272.png\" class=\"attachment-vantage-grid-loop size-vantage-grid-loop wp-post-image\" alt=\"\" \/>\t\t\t\t\t<\/a>\n\t\t\t\t\n\t\t\t\t<h3><a href=\"https:\/\/erca32.fr\/index.php\/2025\/04\/04\/mais-ce-nest-pas-fini-il-y-a-saint-ost-aussi\/\">Mais ce n&rsquo;est pas fini, il y a Saint-Ost aussi!<\/a><\/h3>\n\t\t\t\t<div class=\"excerpt\"><p>Notre quatri\u00e8me centrale a \u00e9t\u00e9 install\u00e9 sur la toiture de la salles des f\u00eates de Saint-Ost et produit depuis\u00a0 25\/10\/2024. L&rsquo;installation de 18 kWc est compos\u00e9e de 34 modules solaire Jinko Tiger Pro 550 Wc P-type Black et un onduleur triphas\u00e9 Sunny Tripower 25 kW. Cette installation devrait produire plus de 22 MWh par an [&hellip;]<\/p>\n<\/div>\n\t\t\t\t\t\t\t\t\t\t\t<\/article>\n\t\t\t\t\t\t<article class=\"grid-post post-640 post type-post status-publish format-standard has-post-thumbnail hentry category-non-classe post-with-thumbnail post-with-thumbnail-large\">\n\n\t\t\t\t\t\t\t\t\t<a class=\"grid-thumbnail\" href=\"https:\/\/erca32.fr\/index.php\/2025\/04\/04\/et-trois-soleil\/\">\n\t\t\t\t\t\t<img loading=\"lazy\" decoding=\"async\" width=\"436\" height=\"272\" src=\"https:\/\/erca32.fr\/wp-content\/uploads\/2025\/04\/Compil-436x272.png\" class=\"attachment-vantage-grid-loop size-vantage-grid-loop wp-post-image\" alt=\"\" \/>\t\t\t\t\t<\/a>\n\t\t\t\t\n\t\t\t\t<h3><a href=\"https:\/\/erca32.fr\/index.php\/2025\/04\/04\/et-trois-soleil\/\">1,2 et 3 SOLEIL ! A Villecomtal sur Arros<\/a><\/h3>\n\t\t\t\t<div class=\"excerpt\"><p>Notre troisi\u00e8me installation prend le soleil sur la toiture de la Halle de Villecomtal sur Arros depuis le 9\/07\/2024. L&rsquo;installation de 36 kWc est compos\u00e9e de 64 modules solaire Jinko Tiger Pro 550 Wc P-type Black et un onduleur triphas\u00e9 Sunny Tripower 25 kW. Cette installation devrait produire plus de 42 MWh par an permettant [&hellip;]<\/p>\n<\/div>\n\t\t\t\t\t\t\t\t\t\t\t<\/article>\n\t\t\t\t\t\t\t<div class=\"clear\"><\/div>\n\t\t\t\t\t<\/div>\n\n\t\t\t<nav id=\"nav-below\" class=\"site-navigation paging-navigation\">\n\t\t\t<h2 class=\"assistive-text\">Post navigation<\/h2>\n\n\t\t\t<div class='pagination'><span aria-current=\"page\" class=\"page-numbers current\">1<\/span>\n<a class=\"page-numbers\" href=\"https:\/\/erca32.fr\/index.php\/wp-json\/wp\/v2\/pages\/121\/page\/2\/\">2<\/a>\n<a class=\"page-numbers\" href=\"https:\/\/erca32.fr\/index.php\/wp-json\/wp\/v2\/pages\/121\/page\/3\/\">3<\/a>\n<a class=\"page-numbers\" href=\"https:\/\/erca32.fr\/index.php\/wp-json\/wp\/v2\/pages\/121\/page\/4\/\">4<\/a>\n<a class=\"page-numbers\" href=\"https:\/\/erca32.fr\/index.php\/wp-json\/wp\/v2\/pages\/121\/page\/5\/\">5<\/a>\n<a class=\"next page-numbers\" href=\"https:\/\/erca32.fr\/index.php\/wp-json\/wp\/v2\/pages\/121\/page\/2\/\">Suivant\u00a0\u00bb<\/a><\/div>\n\n\t\t<\/nav><!-- #nav-below -->\n\t\t<\/div><\/div><div id=\"pgc-121-2-1\"  class=\"panel-grid-cell\" ><div id=\"panel-121-2-1-0\" class=\"so-panel widget widget_pages panel-first-child panel-last-child\" data-index=\"6\" ><h3 class=\"widget-title\">Pour aller plus loin :<\/h3>\n\t\t\t<ul>\n\t\t\t\t<li class=\"page_item page-item-44\"><a href=\"https:\/\/erca32.fr\/index.php\/devenir-actionnaire\/\">Devenir actionnaire<\/a><\/li>\n<li class=\"page_item page-item-41\"><a href=\"https:\/\/erca32.fr\/index.php\/les-projets\/\">Les projets<\/a><\/li>\n<li class=\"page_item page-item-93\"><a href=\"https:\/\/erca32.fr\/index.php\/contactez-nous\/\">Nous contacter<\/a><\/li>\n\t\t\t<\/ul>\n\n\t\t\t<\/div><\/div><\/div><\/div>","protected":false},"excerpt":{"rendered":"","protected":false},"author":1,"featured_media":0,"parent":0,"menu_order":0,"comment_status":"closed","ping_status":"closed","template":"templates\/template-full-notitle.php","meta":{"footnotes":""},"class_list":["post-121","page","type-page","status-publish","hentry","post","post-with-thumbnail","post-with-thumbnail-large"],"_links":{"self":[{"href":"https:\/\/erca32.fr\/index.php\/wp-json\/wp\/v2\/pages\/121","targetHints":{"allow":["GET"]}}],"collection":[{"href":"https:\/\/erca32.fr\/index.php\/wp-json\/wp\/v2\/pages"}],"about":[{"href":"https:\/\/erca32.fr\/index.php\/wp-json\/wp\/v2\/types\/page"}],"author":[{"embeddable":true,"href":"https:\/\/erca32.fr\/index.php\/wp-json\/wp\/v2\/users\/1"}],"replies":[{"embeddable":true,"href":"https:\/\/erca32.fr\/index.php\/wp-json\/wp\/v2\/comments?post=121"}],"version-history":[{"count":20,"href":"https:\/\/erca32.fr\/index.php\/wp-json\/wp\/v2\/pages\/121\/revisions"}],"predecessor-version":[{"id":612,"href":"https:\/\/erca32.fr\/index.php\/wp-json\/wp\/v2\/pages\/121\/revisions\/612"}],"wp:attachment":[{"href":"https:\/\/erca32.fr\/index.php\/wp-json\/wp\/v2\/media?parent=121"}],"curies":[{"name":"wp","href":"https:\/\/api.w.org\/{rel}","templated":true}]}}