{"id":143,"date":"2021-03-26T11:29:58","date_gmt":"2021-03-26T10:29:58","guid":{"rendered":"http:\/\/erca32.fr\/?page_id=143"},"modified":"2021-03-30T10:15:19","modified_gmt":"2021-03-30T08:15:19","slug":"politique-de-gestion-des-donnees-personnelles","status":"publish","type":"page","link":"https:\/\/erca32.fr\/index.php\/politique-de-gestion-des-donnees-personnelles\/","title":{"rendered":"Politique de gestion des donn\u00e9es personnelles"},"content":{"rendered":"<div id=\"pl-143\"  class=\"panel-layout\" ><div id=\"pg-143-0\"  class=\"panel-grid panel-no-style\" ><div id=\"pgc-143-0-0\"  class=\"panel-grid-cell\" ><div id=\"panel-143-0-0-0\" class=\"so-panel widget widget_sow-editor panel-first-child panel-last-child\" data-index=\"0\" ><div\n\t\t\t\n\t\t\tclass=\"so-widget-sow-editor so-widget-sow-editor-base\"\n\t\t\t\n\t\t>\n<div class=\"siteorigin-widget-tinymce textwidget\">\n\t<p>ERCA s'engage \u00e0 ce que la collecte et le traitement de vos donn\u00e9es, effectu\u00e9s \u00e0 partir du site <a href=\"http:\/\/erca32.fr\/\">erca32.fr<\/a>, soient conformes au R\u00e8glement G\u00e9n\u00e9ral sur la Protection des Donn\u00e9es (RGPD) et \u00e0 la loi Informatique et Libert\u00e9s.<\/p>\n<h2><strong>D\u00e9l\u00e9gu\u00e9 \u00e0 la Protection des Donn\u00e9es<\/strong><\/h2>\n<p>Conform\u00e9ment \u00e0 cette nouvelle r\u00e9glementation, un D\u00e9l\u00e9gu\u00e9 \u00e0 la Protection des Donn\u00e9es (DPD) a \u00e9t\u00e9 d\u00e9sign\u00e9.<\/p>\n<blockquote>\n<p style=\"padding-left: 80px;\"><span style=\"font-size: 14pt;\"><em>ERCA<\/em><\/span><\/p>\n<p style=\"padding-left: 80px;\"><span style=\"font-size: 14pt;\"><em>D\u00e9l\u00e9gu\u00e9(e) \u00e0 la Protection des Donn\u00e9es personnelles<\/em><\/span><\/p>\n<p style=\"padding-left: 80px;\"><span style=\"font-size: 14pt;\"><em>Courriel : <a href=\"mailto:contact@erca32.fr\">contact@erca32.fr<\/a><\/em><\/span><\/p>\n<\/blockquote>\n<h2><strong>Traitement des donn\u00e9es personnelles<\/strong><\/h2>\n<p>Toute personne saisissant des informations personnelles sur ce site reconna\u00eet \u00eatre majeur.<\/p>\n<p>Les donn\u00e9es personnelles r\u00e9colt\u00e9es sur ce site le sont dans le cadre d\u2019une mission de service public, \u00e0 des fins d\u2019enrichissement de contenus, d\u2019analyse statistique et de suivi des demandes que vous pourrez nous formuler.<\/p>\n<p>Ces donn\u00e9es sont r\u00e9colt\u00e9es avec votre consentement explicite. Vous pouvez \u00e0 tout moment retirer ce consentement par saisie des services responsables du traitement de vos donn\u00e9es. Vous pouvez \u00e9galement saisir \u00e0 cette fin le D\u00e9l\u00e9gu\u00e9 \u00e0 la protection des donn\u00e9es.<\/p>\n<p>Aucun transfert ou cession de vos donn\u00e9es \u00e0 des tiers n\u2019a lieu.<\/p>\n<p>Les donn\u00e9es personnelles recueillies dans le cadre des services propos\u00e9s sur <a href=\"http:\/\/erca32.fr\/\">erca32.fr<\/a>\u00a0sont trait\u00e9es selon des protocoles s\u00e9curis\u00e9s.<\/p>\n<p>Le stockage de ces donn\u00e9es est, par ailleurs, limit\u00e9 dans le temps \u00e0 une date de p\u00e9remption de 12 mois. \u00c0 l\u2019issue de cette p\u00e9riode, vos donn\u00e9es personnelles sont supprim\u00e9es. Dans le cas d\u2019une inscription \u00e0 un service en ligne, une demande de renouvellement de consentement vous est adress\u00e9e.<\/p>\n<p>Chaque formulaire ou t\u00e9l\u00e9service limite la collecte des donn\u00e9es personnelles au strict n\u00e9cessaire (minimisation des donn\u00e9es). Vous trouverez ci-dessous un tableau r\u00e9capitulatif des formulaires et services permettant de r\u00e9colter ces donn\u00e9es, la finalit\u00e9 de cette r\u00e9colte, les services \u00e0 contacter pour exercer vos droits et la gestion de la p\u00e9remption.<\/p>\n<p>Par ailleurs, ce site utilise des cookies. Ils servent au bon fonctionnement de ce site, \u00e0 la mesure d\u2019audience et \u00e0 l\u2019enrichissement de contenu. Vous pouvez vous opposer \u00e0 tout moment au d\u00e9p\u00f4t de ces cookies.<\/p>\n<h2><strong>Tableau r\u00e9capitulatif<\/strong><\/h2>\n<p>&nbsp;<\/p>\n<table style=\"width: 100%; border-collapse: collapse; height: 144px;\" border=\"1\" cellpadding=\"5\">\n<tbody>\n<tr style=\"background-color: #7ee0a5;\">\n<td style=\"width: 25%; height: 24px;\"><span style=\"font-size: 10pt;\"><strong>MOYEN<\/strong><\/span><\/td>\n<td style=\"width: 25%; height: 24px;\"><span style=\"font-size: 10pt;\"><strong>SERVICE RESPONSABLE DU TRAITEMENT<\/strong><\/span><\/td>\n<td style=\"width: 25%; height: 24px;\"><span style=\"font-size: 10pt;\"><strong>FINALIT\u00c9<\/strong><\/span><\/td>\n<td style=\"width: 25%; height: 24px;\"><span style=\"font-size: 10pt;\"><strong>GESTION DE LA P\u00c9REMPTION<\/strong><\/span><\/td>\n<\/tr>\n<tr style=\"height: 24px;\">\n<td style=\"width: 25%; height: 24px;\">Formulaire de contact<\/td>\n<td style=\"width: 25%; height: 24px;\">Accueil<\/td>\n<td style=\"width: 25%; height: 24px;\">Traitement de votre demande<\/td>\n<td style=\"width: 25%; height: 24px;\">Modification, suppression \u00e0 votre demande<\/td>\n<\/tr>\n<tr style=\"height: 24px;\">\n<td style=\"width: 25%; height: 24px;\">Formulaire de participation<\/td>\n<td style=\"width: 25%; height: 24px;\">DPD<\/td>\n<td style=\"width: 25%; height: 24px;\">Traitement de votre demande<\/td>\n<td style=\"width: 25%; height: 24px;\">Modification, suppression \u00e0 votre demande<\/td>\n<\/tr>\n<tr style=\"height: 24px;\">\n<td style=\"width: 25%; height: 24px;\"><strong>Cookies<\/strong><\/td>\n<td style=\"width: 25%; height: 24px;\">Consentement explicite r\u00e9tractable \u00e0 tout moment par l\u2019utilisateur<\/td>\n<td style=\"width: 25%; height: 24px;\"><\/td>\n<td style=\"width: 25%; height: 24px;\">12 mois<\/td>\n<\/tr>\n<\/tbody>\n<\/table>\n<p>&nbsp;<\/p>\n<p>&nbsp;<\/p>\n<p>&nbsp;<\/p>\n<\/div>\n<\/div><\/div><\/div><\/div><\/div>","protected":false},"excerpt":{"rendered":"<p>ERCA s&rsquo;engage \u00e0 ce que la collecte et le traitement de vos donn\u00e9es, effectu\u00e9s \u00e0 partir du site erca32.fr, soient conformes au R\u00e8glement G\u00e9n\u00e9ral sur la Protection des Donn\u00e9es (RGPD) et \u00e0 la loi Informatique et Libert\u00e9s. D\u00e9l\u00e9gu\u00e9 \u00e0 la Protection des Donn\u00e9es Conform\u00e9ment \u00e0 cette nouvelle r\u00e9glementation, un D\u00e9l\u00e9gu\u00e9 \u00e0 la Protection des Donn\u00e9es [&hellip;]<\/p>\n","protected":false},"author":1,"featured_media":0,"parent":0,"menu_order":0,"comment_status":"closed","ping_status":"closed","template":"templates\/template-full.php","meta":{"footnotes":""},"class_list":["post-143","page","type-page","status-publish","hentry","post"],"_links":{"self":[{"href":"https:\/\/erca32.fr\/index.php\/wp-json\/wp\/v2\/pages\/143","targetHints":{"allow":["GET"]}}],"collection":[{"href":"https:\/\/erca32.fr\/index.php\/wp-json\/wp\/v2\/pages"}],"about":[{"href":"https:\/\/erca32.fr\/index.php\/wp-json\/wp\/v2\/types\/page"}],"author":[{"embeddable":true,"href":"https:\/\/erca32.fr\/index.php\/wp-json\/wp\/v2\/users\/1"}],"replies":[{"embeddable":true,"href":"https:\/\/erca32.fr\/index.php\/wp-json\/wp\/v2\/comments?post=143"}],"version-history":[{"count":1,"href":"https:\/\/erca32.fr\/index.php\/wp-json\/wp\/v2\/pages\/143\/revisions"}],"predecessor-version":[{"id":148,"href":"https:\/\/erca32.fr\/index.php\/wp-json\/wp\/v2\/pages\/143\/revisions\/148"}],"wp:attachment":[{"href":"https:\/\/erca32.fr\/index.php\/wp-json\/wp\/v2\/media?parent=143"}],"curies":[{"name":"wp","href":"https:\/\/api.w.org\/{rel}","templated":true}]}}