{"id":15,"date":"2021-03-15T09:29:23","date_gmt":"2021-03-15T08:29:23","guid":{"rendered":"http:\/\/erca32.fr\/?page_id=15"},"modified":"2022-02-07T15:34:29","modified_gmt":"2022-02-07T14:34:29","slug":"presentation","status":"publish","type":"page","link":"https:\/\/erca32.fr\/index.php\/presentation\/","title":{"rendered":"Pr\u00e9sentation"},"content":{"rendered":"<div id=\"pl-15\"  class=\"panel-layout\" ><div id=\"pg-15-0\"  class=\"panel-grid panel-no-style\" ><div id=\"pgc-15-0-0\"  class=\"panel-grid-cell\" ><div id=\"panel-15-0-0-0\" class=\"so-panel widget widget_sow-editor panel-first-child\" data-index=\"0\" ><div\n\t\t\t\n\t\t\tclass=\"so-widget-sow-editor so-widget-sow-editor-base\"\n\t\t\t\n\t\t><h3 class=\"widget-title\">Historique<\/h3>\n<div class=\"siteorigin-widget-tinymce textwidget\">\n\t<p><img loading=\"lazy\" decoding=\"async\" class=\"wp-image-491 alignnone alignleft\" src=\"http:\/\/erca32.fr\/wp-content\/uploads\/2021\/10\/picto-ERCA-09.png\" alt=\"\" width=\"42\" height=\"50\" \/>Au d\u00e9but, il y a Astarac Arros en Gascogne, un territoire riche de<br \/>\nsa nature et de ses habitants o\u00f9 il fait bon vivre, et o\u00f9 l\u2019on veut penser<br \/>\naux g\u00e9n\u00e9rations futures.<\/p>\n<p>&nbsp;<\/p>\n<p style=\"padding-left: 80px;\"><img loading=\"lazy\" decoding=\"async\" class=\"wp-image-492 alignleft\" src=\"http:\/\/erca32.fr\/wp-content\/uploads\/2021\/10\/picto-ERCA-23.png\" alt=\"\" width=\"76\" height=\"60\" \/>Aujourd\u2019hui et plus encore demain, ce beau territoire conna\u00eet<br \/>\net conna\u00eetra les risques climatiques de plus en plus fr\u00e9quents et violents<br \/>\n(s\u00e8cheresse, inondation, gel\u2026), la d\u00e9pendance \u00e9nerg\u00e9tique \u00e0 de grands<br \/>\ngroupes avec des prix toujours plus \u00e9lev\u00e9s et la perte de lien social.<\/p>\n<p>&nbsp;<\/p>\n<p style=\"text-align: left;\"><img loading=\"lazy\" decoding=\"async\" class=\"wp-image-480 alignleft\" src=\"http:\/\/erca32.fr\/wp-content\/uploads\/2021\/10\/picto-ERCA-19.png\" alt=\"\" width=\"65\" height=\"70\" \/>Mais, nous refusons de subir et d\u00e9cidons d\u2019agir, tous ensemble,<br \/>\nacteurs du territoire (habitants, \u00e9lus, entrepreneurs, \u2026).<\/p>\n<p>&nbsp;<\/p>\n<p><img loading=\"lazy\" decoding=\"async\" class=\"alignnone  wp-image-493 alignleft\" src=\"http:\/\/erca32.fr\/wp-content\/uploads\/2021\/10\/picto-ERCA-22.png\" alt=\"\" width=\"86\" height=\"52\" \/>D\u00e9j\u00e0, nous avons commenc\u00e9 par l\u2019alimentation en nous r\u00e9galant<br \/>\nde produits locaux que nous achetons \u00e0 des producteurs<br \/>\nqui sont aussi nos voisins.<\/p>\n<p>&nbsp;<\/p>\n<p><img loading=\"lazy\" decoding=\"async\" class=\"wp-image-481 alignleft\" src=\"http:\/\/erca32.fr\/wp-content\/uploads\/2021\/10\/picto-ERCA-17.png\" alt=\"\" width=\"72\" height=\"89\" \/>Et puis, nous avons choisi d\u2019aller plus loin :<br \/>\n\u00ab Au lieu de l\u00e9zarder au soleil, faisons b\u00e9n\u00e9ficier<br \/>\nle territoire de ses rayons ! \u00bb.<\/p>\n<p>&nbsp;<\/p>\n<p style=\"padding-left: 40px;\"><img loading=\"lazy\" decoding=\"async\" class=\"wp-image-494 alignleft\" src=\"http:\/\/erca32.fr\/wp-content\/uploads\/2021\/10\/picto-ERCA-21.png\" alt=\"\" width=\"87\" height=\"80\" \/>Ainsi, nous voulons non seulement moins consommer d\u2019\u00e9nergie<br \/>\nmais \u00e9galement en produire chez nous. Et nous prenons la main<br \/>\nen cr\u00e9ant une soci\u00e9t\u00e9 citoyenne d\u2019\u00e9nergie renouvelable !<\/p>\n<p>&nbsp;<\/p>\n<p>&nbsp;<\/p>\n<\/div>\n<\/div><\/div><div id=\"panel-15-0-0-1\" class=\"so-panel widget widget_sow-editor\" data-index=\"1\" ><div\n\t\t\t\n\t\t\tclass=\"so-widget-sow-editor so-widget-sow-editor-base\"\n\t\t\t\n\t\t><h3 class=\"widget-title\">Les principes de la soci\u00e9t\u00e9 ERCA<\/h3>\n<div class=\"siteorigin-widget-tinymce textwidget\">\n\t<p>L\u2019activit\u00e9 de la soci\u00e9t\u00e9 ERCA a pour objectif, de promouvoir, \u00e9tudier, installer, investir, entretenir et vendre l\u2019\u00e9nergie provenant de sources renouvelables pour r\u00e9duire l\u2019impact \u00e9nerg\u00e9tique du territoire et tendre progressivement vers l\u2019autonomie \u00e9nerg\u00e9tique.<br \/>\nPour cela, la soci\u00e9t\u00e9 :<br \/>\n\u2022 Associe des acteurs locaux (citoyens, collectivit\u00e9s territoriales, entreprises, associations, fondations), soucieux d'agir dans l'int\u00e9r\u00eat collectif ;<br \/>\n\u2022 S\u2019assure que les b\u00e9n\u00e9fices g\u00e9n\u00e9r\u00e9s servent essentiellement \u00e0 l'int\u00e9r\u00eat collectif local et \u00e0 assurer sa propre p\u00e9rennit\u00e9 ;<br \/>\n\u2022 Vends de l'\u00e9nergie produite tout en veillant \u00e0 la ma\u00eetrise des co\u00fbts \u00e0 toutes les \u00e9tapes du projet ;<br \/>\n\u2022 Soutient et r\u00e9alise des actions et projets s\u2019inscrivant dans la transition \u00e9cologique (\u00e9conomies d\u2019\u00e9nergie, sobri\u00e9t\u00e9 \u00e9nerg\u00e9tique, ...)<br \/>\n\u2022 S\u2019appuie sur les principes de l\u2019Economie Sociale et Solidaire (ESS) qui vise \u00e0 promouvoir l\u2019aspect collectif, la gestion d\u00e9mocratique et la lucrativit\u00e9 encadr\u00e9e et limit\u00e9e.<\/p>\n<\/div>\n<\/div><\/div><div id=\"panel-15-0-0-2\" class=\"so-panel widget widget_sow-editor\" data-index=\"2\" ><div\n\t\t\t\n\t\t\tclass=\"so-widget-sow-editor so-widget-sow-editor-base\"\n\t\t\t\n\t\t><h3 class=\"widget-title\">Le fonctionnement de la soci\u00e9t\u00e9 ERCA<\/h3>\n<div class=\"siteorigin-widget-tinymce textwidget\">\n\t<p align=\"justify\">La Soci\u00e9t\u00e9 par Actions Simplifi\u00e9e (SAS) ERCA a pour but d\u2019inclure l\u2019ensemble des acteurs du territoire dans une dynamique collective. Ces derniers peuvent participer au capital de la soci\u00e9t\u00e9 qui va ensuite d\u00e9velopper des projets d\u2019\u00e9nergies renouvelables sur le territoire. Les b\u00e9n\u00e9fices g\u00e9n\u00e9r\u00e9s seront en premier lieu utilis\u00e9s pour r\u00e9investir dans de futurs projets et serviront dans un second temps \u00e0 r\u00e9mun\u00e9rer les actionnaires.<\/p>\n<p align=\"justify\">Les d\u00e9cisions\u00a0 seront prises en Assembl\u00e9e G\u00e9n\u00e9rale qui regroupe l\u2019ensemble des actionnaires r\u00e9partis en 3 coll\u00e8ges de votes afin de tenir compte de leur diversit\u00e9 :<\/p>\n<table style=\"height: 96px; width: 100%; border-collapse: collapse;\" border=\"3\">\n<tbody>\n<tr style=\"height: 24px; background-color: #e6e6e6;\">\n<td style=\"width: 50%; text-align: center; height: 24px;\"><em><strong>Coll\u00e8ge<\/strong><\/em><\/td>\n<td style=\"width: 50%; text-align: center; height: 24px;\"><em><strong>Pouvoir de vote<\/strong><\/em><\/td>\n<\/tr>\n<tr style=\"height: 24px; background-color: #cad5eb;\">\n<td style=\"width: 50%; text-align: center; height: 24px;\">Collectivit\u00e9s d'Astarac Arros, des territoires voisins et leurs groupements<\/td>\n<td style=\"width: 50%; text-align: center; height: 24px;\">40 %<\/td>\n<\/tr>\n<tr style=\"height: 24px;\">\n<td style=\"width: 50%; text-align: center; height: 24px;\">Acteurs citoyens - personnes physiques<\/td>\n<td style=\"width: 50%; text-align: center; height: 24px;\">35 %<\/td>\n<\/tr>\n<tr style=\"height: 24px; background-color: #cad5eb;\">\n<td style=\"width: 50%; text-align: center; height: 24px;\">Autres - personnes morales priv\u00e9es<\/td>\n<td style=\"width: 50%; text-align: center; height: 24px;\">25 %<\/td>\n<\/tr>\n<\/tbody>\n<\/table>\n<\/div>\n<\/div><\/div><div id=\"panel-15-0-0-3\" class=\"so-panel widget widget_sow-editor\" data-index=\"3\" ><div\n\t\t\t\n\t\t\tclass=\"so-widget-sow-editor so-widget-sow-editor-base\"\n\t\t\t\n\t\t><h3 class=\"widget-title\">Le Conseil d'Administration de la soci\u00e9t\u00e9 ERCA<\/h3>\n<div class=\"siteorigin-widget-tinymce textwidget\">\n\t<p align=\"justify\">La soci\u00e9t\u00e9 est administr\u00e9e par un conseil d\u2019administration (CA) compos\u00e9 de 3 \u00e0 18 membres au plus, tous actionnaires. Pour refl\u00e9ter la diversit\u00e9 de l\u2019assembl\u00e9e g\u00e9n\u00e9rale, chaque coll\u00e8ge est repr\u00e9sent\u00e9 au sein du conseil d\u2019administration, le plus \u00e9quitablement possible.<br \/>\nLa dur\u00e9e du mandat d'un-e membre du CA est fix\u00e9e \u00e0 4 ans. Le CA est renouvelable par moiti\u00e9 tous 2 ans; la premi\u00e8re moiti\u00e9 sortante \u00e9tant d\u00e9sign\u00e9e par tirage au sort lors du premier Conseil d\u2019Administration.<\/p>\n<p align=\"justify\">A ce jour, le Conseil d'Administration d'ERCA est compos\u00e9 comme suit :<\/p>\n<p align=\"justify\"><img loading=\"lazy\" decoding=\"async\" class=\"alignnone  wp-image-506 alignleft\" src=\"http:\/\/erca32.fr\/wp-content\/uploads\/2021\/10\/Jasmine.jpg\" alt=\"\" width=\"110\" height=\"140\" \/><\/p>\n<p>Jasmine Puch-N\u00e9dellec<\/p>\n<p>Pr\u00e9sidente Directrice G\u00e9n\u00e9rale<\/p>\n<p>SAINT-MARTIN<\/p>\n<p>&nbsp;<\/p>\n<p>&nbsp;<\/p>\n<p><img loading=\"lazy\" decoding=\"async\" class=\"alignnone  wp-image-511 alignleft\" src=\"http:\/\/erca32.fr\/wp-content\/uploads\/2021\/10\/Herve.jpg\" alt=\"\" width=\"110\" height=\"128\" \/><\/p>\n<p>Herv\u00e9 Tujague<\/p>\n<p>Administrateur<\/p>\n<p>SAINTE-DODE<\/p>\n<p>&nbsp;<\/p>\n<p>&nbsp;<\/p>\n<p><img loading=\"lazy\" decoding=\"async\" class=\"wp-image-509 alignleft\" src=\"http:\/\/erca32.fr\/wp-content\/uploads\/2021\/10\/Fabienne.jpg\" alt=\"\" width=\"110\" height=\"120\" \/><\/p>\n<p>Fabienne Saphore<\/p>\n<p>Administratrice et repr\u00e9sentante de la commune de Berdoues<\/p>\n<p>BERDOUES<\/p>\n<p>&nbsp;<\/p>\n<p>&nbsp;<\/p>\n<p><img loading=\"lazy\" decoding=\"async\" class=\"wp-image-510 alignleft\" src=\"http:\/\/erca32.fr\/wp-content\/uploads\/2021\/10\/David.jpg\" alt=\"\" width=\"110\" height=\"128\" \/><\/p>\n<p>David Jov\u00e9<\/p>\n<p>Administrateur et repr\u00e9sentant de la commune de St-M\u00e9dard<\/p>\n<p>SAINT-MEDARD<\/p>\n<p>&nbsp;<\/p>\n<p>&nbsp;<\/p>\n<p><img loading=\"lazy\" decoding=\"async\" class=\"alignnone  wp-image-508 alignleft\" src=\"http:\/\/erca32.fr\/wp-content\/uploads\/2021\/10\/Melanie-233x300.jpg\" alt=\"\" width=\"110\" height=\"142\" srcset=\"https:\/\/erca32.fr\/wp-content\/uploads\/2021\/10\/Melanie-233x300.jpg 233w, https:\/\/erca32.fr\/wp-content\/uploads\/2021\/10\/Melanie.jpg 249w\" sizes=\"auto, (max-width: 110px) 100vw, 110px\" \/>M\u00e9lanie Le Goulven<\/p>\n<p>Administratrice<\/p>\n<p>MIRAMONT D'ASTARAC<\/p>\n<p>&nbsp;<\/p>\n<p>&nbsp;<\/p>\n<p><img loading=\"lazy\" decoding=\"async\" class=\"alignnone  wp-image-505 alignleft\" src=\"http:\/\/erca32.fr\/wp-content\/uploads\/2021\/10\/Daniel.jpg\" alt=\"\" width=\"110\" height=\"139\" \/>Daniel Pomies<\/p>\n<p>Administrateur et repr\u00e9sentant de la commune de St-Martin<\/p>\n<p>SAINT-MARTIN<\/p>\n<p>&nbsp;<\/p>\n<p>&nbsp;<\/p>\n<p><img loading=\"lazy\" decoding=\"async\" class=\"alignnone  wp-image-507 alignleft\" src=\"http:\/\/erca32.fr\/wp-content\/uploads\/2021\/10\/Carole.jpg\" alt=\"\" width=\"110\" height=\"113\" \/><\/p>\n<p>Carole Mailhos<\/p>\n<p>Administratrice et repr\u00e9sentante de la commune de Villecomtal<\/p>\n<p>VILLECOMTAL-SUR-ARROS<\/p>\n<p>&nbsp;<\/p>\n<p>&nbsp;<\/p>\n<p style=\"text-align: left;\"><img loading=\"lazy\" decoding=\"async\" class=\"wp-image-512 alignleft\" src=\"http:\/\/erca32.fr\/wp-content\/uploads\/2021\/10\/Edith.png\" alt=\"\" width=\"110\" height=\"131\" \/>Edith Mandron<\/p>\n<p>Administratrice<\/p>\n<p>SAINT-MARTIN<\/p>\n<p>&nbsp;<\/p>\n<p>&nbsp;<\/p>\n<p><img loading=\"lazy\" decoding=\"async\" class=\"wp-image-513 alignleft\" src=\"http:\/\/erca32.fr\/wp-content\/uploads\/2021\/10\/Sylvie.png\" alt=\"\" width=\"110\" height=\"133\" \/><\/p>\n<p>Sylvie Rocq<\/p>\n<p>Administratrice<\/p>\n<p>BELLOC-SAINT-CLAMENS<\/p>\n<p>&nbsp;<\/p>\n<p>&nbsp;<\/p>\n<p>&nbsp;<\/p>\n<p><img loading=\"lazy\" decoding=\"async\" class=\"alignnone  wp-image-514 alignleft\" src=\"http:\/\/erca32.fr\/wp-content\/uploads\/2021\/10\/Photo-anonyme.png\" alt=\"\" width=\"110\" height=\"110\" srcset=\"https:\/\/erca32.fr\/wp-content\/uploads\/2021\/10\/Photo-anonyme.png 264w, https:\/\/erca32.fr\/wp-content\/uploads\/2021\/10\/Photo-anonyme-150x150.png 150w\" sizes=\"auto, (max-width: 110px) 100vw, 110px\" \/>Michel Gaut\u00e9<\/p>\n<p>Administrateur et repr\u00e9sentant de la commune de Malabat<\/p>\n<p>MALABAT<\/p>\n<\/div>\n<\/div><\/div><div id=\"panel-15-0-0-4\" class=\"so-panel widget widget_sow-editor panel-last-child\" data-index=\"4\" ><div\n\t\t\t\n\t\t\tclass=\"so-widget-sow-editor so-widget-sow-editor-base\"\n\t\t\t\n\t\t><h3 class=\"widget-title\">Une soci\u00e9t\u00e9 participative locale<\/h3>\n<div class=\"siteorigin-widget-tinymce textwidget\">\n\t<p><a href=\"http:\/\/erca32.fr\/wp-content\/uploads\/2021\/03\/presentation_Graphe1.png\"><img loading=\"lazy\" decoding=\"async\" class=\"alignright wp-image-34\" src=\"http:\/\/erca32.fr\/wp-content\/uploads\/2021\/03\/presentation_Graphe1-300x258.png\" alt=\"\" width=\"281\" height=\"242\" srcset=\"https:\/\/erca32.fr\/wp-content\/uploads\/2021\/03\/presentation_Graphe1-300x258.png 300w, https:\/\/erca32.fr\/wp-content\/uploads\/2021\/03\/presentation_Graphe1-1024x879.png 1024w, https:\/\/erca32.fr\/wp-content\/uploads\/2021\/03\/presentation_Graphe1-768x659.png 768w, https:\/\/erca32.fr\/wp-content\/uploads\/2021\/03\/presentation_Graphe1.png 1292w\" sizes=\"auto, (max-width: 281px) 100vw, 281px\" \/><\/a>Ici, contrairement \u00e0 un projet port\u00e9 par un investisseur priv\u00e9, le territoire g\u00e8re la d\u00e9marche de A \u00e0 Z. Il \u00e9tudie, investit, installe, produit et innove tout en maximisant les retomb\u00e9es \u00e9conomiques locales et agit pour la transition \u00e9nerg\u00e9tique.<\/p>\n<p>&nbsp;<\/p>\n<p>&nbsp;<\/p>\n<p>&nbsp;<\/p>\n<p>&nbsp;<\/p>\n<p><a href=\"http:\/\/erca32.fr\/wp-content\/uploads\/2021\/03\/presentation_Graphe2bis.png\"><img loading=\"lazy\" decoding=\"async\" class=\"alignleft wp-image-37\" src=\"http:\/\/erca32.fr\/wp-content\/uploads\/2021\/03\/presentation_Graphe2bis.png\" alt=\"\" width=\"488\" height=\"260\" srcset=\"https:\/\/erca32.fr\/wp-content\/uploads\/2021\/03\/presentation_Graphe2bis.png 888w, https:\/\/erca32.fr\/wp-content\/uploads\/2021\/03\/presentation_Graphe2bis-300x160.png 300w, https:\/\/erca32.fr\/wp-content\/uploads\/2021\/03\/presentation_Graphe2bis-768x410.png 768w\" sizes=\"auto, (max-width: 488px) 100vw, 488px\" \/><\/a><\/p>\n<p>&nbsp;<\/p>\n<p>&nbsp;<\/p>\n<p>Cela permet de garantir et de maximiser les retomb\u00e9es \u00e9conomiques locales des projets d\u2019\u00e9nergies renouvelables gr\u00e2ce aux revenus issus de l\u2019investissement des acteurs de l\u2019Astarac ou des territoires voisins : citoyens, collectivit\u00e9s, entreprises, associations, \u2026<\/p>\n<p>&nbsp;<\/p>\n<p>&nbsp;<\/p>\n<p>&nbsp;<\/p>\n<p>&nbsp;<\/p>\n<p>&nbsp;<\/p>\n<p>&nbsp;<\/p>\n<\/div>\n<\/div><\/div><\/div><div id=\"pgc-15-0-1\"  class=\"panel-grid-cell\" ><div id=\"panel-15-0-1-0\" class=\"so-panel widget widget_siteorigin-panels-postloop panel-first-child\" data-index=\"5\" ><h3 class=\"widget-title\"><span class=\"vantage-carousel-title\"><span class=\"vantage-carousel-title-text\">On parle de nous !<\/span><a href=\"#\" class=\"next\" title=\"Next\"><span class=\"vantage-icon-arrow-right\"><\/span><\/a><a href=\"#\" class=\"previous\" title=\"Previous\"><span class=\"vantage-icon-arrow-left\"><\/span><\/a><\/span><\/h3><div class=\"vantage-carousel-wrapper\">\n\t\n\t<ul class=\"vantage-carousel\" data-query=\"{&quot;post_status&quot;:&quot;publish&quot;,&quot;posts_per_page&quot;:10,&quot;post_type&quot;:&quot;post&quot;,&quot;tax_query_relation&quot;:&quot;OR&quot;,&quot;date_type&quot;:&quot;specific&quot;,&quot;date_query&quot;:{&quot;after&quot;:&quot;2021-11-10&quot;,&quot;before&quot;:&quot;2021-11-11&quot;,&quot;inclusive&quot;:true},&quot;date_query_relative&quot;:&quot;{\\&quot;from\\&quot;:{\\&quot;value\\&quot;:0,\\&quot;unit\\&quot;:\\&quot;days\\&quot;},\\&quot;to\\&quot;:{\\&quot;value\\&quot;:0,\\&quot;unit\\&quot;:\\&quot;days\\&quot;}}&quot;,&quot;orderby&quot;:&quot;date&quot;,&quot;order&quot;:&quot;DESC&quot;,&quot;post__not_in&quot;:[15,15],&quot;paged&quot;:1,&quot;lazy_load_term_meta&quot;:true}\" data-ajax-url=\"https:\/\/erca32.fr\/wp-admin\/admin-ajax.php\">\n\t\t\t\t\t<li class=\"carousel-entry\">\n\t\t\t\t<div class=\"thumbnail\">\n\t\t\t\t\t\t\t\t\t\t\t\t\t\t\t\t<a href=\"https:\/\/erca32.fr\/index.php\/2021\/11\/10\/erca-dans-lemission-atmosphere-du-4-novembre-2021-radio-coteaux\/\" style=\"background-image: url(https:\/\/erca32.fr\/wp-content\/uploads\/2021\/11\/radio-coteau-ERCA-272x182.jpg)\">\n\t\t\t\t\t\t<\/a>\n\t\t\t\t\t\t\t\t\t<\/div>\n\t\t\t\t\t\t\t\t<h3><a href=\"https:\/\/erca32.fr\/index.php\/2021\/11\/10\/erca-dans-lemission-atmosphere-du-4-novembre-2021-radio-coteaux\/\">ERCA dans l&rsquo;\u00e9mission \u00ab\u00a0Atmosph\u00e8re\u00a0\u00bb du 4 novembre 2021 &#8211; Radio Coteaux<\/a><\/h3>\n\t\t\t<\/li>\n\t\t\t<\/ul>\n<\/div>\n<\/div><div id=\"panel-15-0-1-1\" class=\"so-panel widget widget_siteorigin-panels-postloop panel-last-child\" data-index=\"6\" ><h3 class=\"widget-title\"><span class=\"vantage-carousel-title\"><span class=\"vantage-carousel-title-text\"><\/span><a href=\"#\" class=\"next\" title=\"Next\"><span class=\"vantage-icon-arrow-right\"><\/span><\/a><a href=\"#\" class=\"previous\" title=\"Previous\"><span class=\"vantage-icon-arrow-left\"><\/span><\/a><\/span><\/h3><div class=\"vantage-carousel-wrapper\">\n\t\n\t<ul class=\"vantage-carousel\" data-query=\"{&quot;post_status&quot;:&quot;publish&quot;,&quot;posts_per_page&quot;:10,&quot;post_type&quot;:&quot;post&quot;,&quot;tax_query_relation&quot;:&quot;OR&quot;,&quot;date_type&quot;:&quot;specific&quot;,&quot;date_query&quot;:{&quot;after&quot;:&quot;2022-02-06&quot;,&quot;before&quot;:&quot;2022-02-07&quot;,&quot;inclusive&quot;:true},&quot;date_query_relative&quot;:&quot;{\\&quot;from\\&quot;:{\\&quot;value\\&quot;:0,\\&quot;unit\\&quot;:\\&quot;days\\&quot;},\\&quot;to\\&quot;:{\\&quot;value\\&quot;:0,\\&quot;unit\\&quot;:\\&quot;days\\&quot;}}&quot;,&quot;orderby&quot;:&quot;date&quot;,&quot;order&quot;:&quot;DESC&quot;,&quot;post__not_in&quot;:[533,15],&quot;paged&quot;:1,&quot;lazy_load_term_meta&quot;:true}\" data-ajax-url=\"https:\/\/erca32.fr\/wp-admin\/admin-ajax.php\">\n\t\t\t\t\t<li class=\"carousel-entry\">\n\t\t\t\t<div class=\"thumbnail\">\n\t\t\t\t\t\t\t\t\t\t\t\t\t\t\t\t<a href=\"https:\/\/erca32.fr\/index.php\/2022\/02\/07\/labellisation-energie-partagee\/\" style=\"background-image: url(https:\/\/erca32.fr\/wp-content\/uploads\/2022\/02\/Logo-Label-EP-couleur-272x182.png)\">\n\t\t\t\t\t\t<\/a>\n\t\t\t\t\t\t\t\t\t<\/div>\n\t\t\t\t\t\t\t\t<h3><a href=\"https:\/\/erca32.fr\/index.php\/2022\/02\/07\/labellisation-energie-partagee\/\">Labellisation Energie Partag\u00e9e<\/a><\/h3>\n\t\t\t<\/li>\n\t\t\t<\/ul>\n<\/div>\n<\/div><\/div><\/div><\/div>","protected":false},"excerpt":{"rendered":"<p>Historique Au d\u00e9but, il y a Astarac Arros en Gascogne, un territoire riche de sa nature et de ses habitants o\u00f9 il fait bon vivre, et o\u00f9 l\u2019on veut penser aux g\u00e9n\u00e9rations futures. &nbsp; Aujourd\u2019hui et plus encore demain, ce beau territoire conna\u00eet et conna\u00eetra les risques climatiques de plus en plus fr\u00e9quents et violents [&hellip;]<\/p>\n","protected":false},"author":1,"featured_media":0,"parent":0,"menu_order":0,"comment_status":"closed","ping_status":"closed","template":"templates\/template-full.php","meta":{"footnotes":""},"class_list":["post-15","page","type-page","status-publish","hentry","post","post-with-thumbnail","post-with-thumbnail-large"],"_links":{"self":[{"href":"https:\/\/erca32.fr\/index.php\/wp-json\/wp\/v2\/pages\/15","targetHints":{"allow":["GET"]}}],"collection":[{"href":"https:\/\/erca32.fr\/index.php\/wp-json\/wp\/v2\/pages"}],"about":[{"href":"https:\/\/erca32.fr\/index.php\/wp-json\/wp\/v2\/types\/page"}],"author":[{"embeddable":true,"href":"https:\/\/erca32.fr\/index.php\/wp-json\/wp\/v2\/users\/1"}],"replies":[{"embeddable":true,"href":"https:\/\/erca32.fr\/index.php\/wp-json\/wp\/v2\/comments?post=15"}],"version-history":[{"count":61,"href":"https:\/\/erca32.fr\/index.php\/wp-json\/wp\/v2\/pages\/15\/revisions"}],"predecessor-version":[{"id":610,"href":"https:\/\/erca32.fr\/index.php\/wp-json\/wp\/v2\/pages\/15\/revisions\/610"}],"wp:attachment":[{"href":"https:\/\/erca32.fr\/index.php\/wp-json\/wp\/v2\/media?parent=15"}],"curies":[{"name":"wp","href":"https:\/\/api.w.org\/{rel}","templated":true}]}}