{"id":93,"date":"2021-03-15T16:08:29","date_gmt":"2021-03-15T15:08:29","guid":{"rendered":"http:\/\/erca32.fr\/?page_id=93"},"modified":"2021-10-29T11:58:42","modified_gmt":"2021-10-29T09:58:42","slug":"contactez-nous","status":"publish","type":"page","link":"https:\/\/erca32.fr\/index.php\/contactez-nous\/","title":{"rendered":"Nous contacter"},"content":{"rendered":"<div id=\"pl-93\"  class=\"panel-layout\" ><div id=\"pg-93-0\"  class=\"panel-grid panel-no-style\" ><div id=\"pgc-93-0-0\"  class=\"panel-grid-cell\" ><div id=\"panel-93-0-0-0\" class=\"so-panel widget widget_sow-editor panel-first-child panel-last-child\" data-index=\"0\" ><div\n\t\t\t\n\t\t\tclass=\"so-widget-sow-editor so-widget-sow-editor-base\"\n\t\t\t\n\t\t><h3 class=\"widget-title\">Contactez-nous<\/h3>\n<div class=\"siteorigin-widget-tinymce textwidget\">\n\t<div class=\"caldera-grid\" id=\"caldera_form_1\" data-cf-ver=\"1.9.6\" data-cf-form-id=\"CF604f77fa85359\"><div id=\"caldera_notices_1\" data-spinner=\"https:\/\/erca32.fr\/wp-admin\/images\/spinner.gif\"><\/div><form data-instance=\"1\" class=\"CF604f77fa85359 caldera_forms_form\" method=\"POST\" enctype=\"multipart\/form-data\" id=\"CF604f77fa85359_1\" data-form-id=\"CF604f77fa85359\" aria-label=\"Contactez-nous\">\r\n<input type=\"hidden\" id=\"_cf_verify_CF604f77fa85359\" name=\"_cf_verify\" value=\"8ba14f789d\"  data-nonce-time=\"1776571218\" \/><input type=\"hidden\" name=\"_wp_http_referer\" value=\"\/index.php\/wp-json\/wp\/v2\/pages\/93\" \/><div id=\"cf2-CF604f77fa85359_1\"><\/div><input type=\"hidden\" name=\"_cf_frm_id\" value=\"CF604f77fa85359\">\r\n<input type=\"hidden\" name=\"_cf_frm_ct\" value=\"1\">\r\n<input type=\"hidden\" name=\"_cf_cr_pst\" value=\"93\">\r\n<div class=\"hide\" style=\"display:none; overflow:hidden;height:0;width:0;\">\r\n<label>Twitter<\/label><input type=\"text\" name=\"twitter\" value=\"\" autocomplete=\"off\">\r\n<\/div><div id=\"CF604f77fa85359_1-row-1\"  class=\"row  first_row\"><div  class=\"col-sm-12  single\"><div class=\"\"><h2>Vos d\u00e9tails<\/h2>\n<p>Faites-nous savoir comment vous contacter.<\/p>\n<hr>\n<\/div><\/div><\/div><div id=\"CF604f77fa85359_1-row-2\"  class=\"row \"><div  class=\"col-sm-6  first_col\"><div data-field-wrapper=\"fld_8768091\" class=\"form-group\" id=\"fld_8768091_1-wrap\">\r\n\t<label id=\"fld_8768091Label\" for=\"fld_8768091_1\" class=\"control-label\">Pr\u00e9nom <span aria-hidden=\"true\" role=\"presentation\" class=\"field_required\" style=\"color:#ee0000;\">*<\/span><\/label>\r\n\t<div class=\"\">\r\n\t\t<input   required type=\"text\" data-field=\"fld_8768091\" class=\" form-control\" id=\"fld_8768091_1\" name=\"fld_8768091\" value=\"\" data-type=\"text\" aria-required=\"true\"   aria-labelledby=\"fld_8768091Label\" >\t\t\t<\/div>\r\n<\/div>\r\n<\/div><div  class=\"col-sm-6  last_col\"><div data-field-wrapper=\"fld_9970286\" class=\"form-group\" id=\"fld_9970286_1-wrap\">\r\n\t<label id=\"fld_9970286Label\" for=\"fld_9970286_1\" class=\"control-label\">Nom de famille <span aria-hidden=\"true\" role=\"presentation\" class=\"field_required\" style=\"color:#ee0000;\">*<\/span><\/label>\r\n\t<div class=\"\">\r\n\t\t<input   required type=\"text\" data-field=\"fld_9970286\" class=\" form-control\" id=\"fld_9970286_1\" name=\"fld_9970286\" value=\"\" data-type=\"text\" aria-required=\"true\"   aria-labelledby=\"fld_9970286Label\" >\t\t\t<\/div>\r\n<\/div>\r\n<\/div><\/div><div id=\"CF604f77fa85359_1-row-3\"  class=\"row \"><div  class=\"col-sm-6  first_col\"><div data-field-wrapper=\"fld_6009157\" class=\"form-group\" id=\"fld_6009157_1-wrap\">\r\n\t<label id=\"fld_6009157Label\" for=\"fld_6009157_1\" class=\"control-label\">Adresse de messagerie <span aria-hidden=\"true\" role=\"presentation\" class=\"field_required\" style=\"color:#ee0000;\">*<\/span><\/label>\r\n\t<div class=\"\">\r\n\t\t<input   required type=\"email\" data-field=\"fld_6009157\" class=\" form-control\" id=\"fld_6009157_1\" name=\"fld_6009157\" value=\"\" data-type=\"email\" aria-required=\"true\"   aria-labelledby=\"fld_6009157Label\" >\t\t\t<\/div>\r\n<\/div>\r\n<\/div><div  class=\"col-sm-6  last_col\"><div data-field-wrapper=\"fld_2386874\" class=\"form-group\" id=\"fld_2386874_1-wrap\">\r\n\t<label id=\"fld_2386874Label\" for=\"fld_2386874_1\" class=\"control-label\">T\u00e9l\u00e9phone (optionnel)<\/label>\r\n\t<div class=\"\">\r\n\t\t<input  data-inputmask=\"'mask': '99 99 99 99 99'\"   type=\"phone\" data-field=\"fld_2386874\" class=\" form-control\" id=\"fld_2386874_1\" name=\"fld_2386874\" value=\"\" data-type=\"phone\"   aria-labelledby=\"fld_2386874Label\" >\t\t\t<\/div>\r\n<\/div>\r\n<div data-field-wrapper=\"fld_1769078\" class=\"form-group\" id=\"fld_1769078_1-wrap\">\r\n\t<label id=\"fld_1769078Label\" for=\"fld_1769078_1\" class=\"control-label screen-reader-text sr-only\">Rappel<\/label>\r\n\t<div class=\"\">\r\n\t\t\t\t\t\t\n                <label  class=\"checkbox-inline\"                        for=\"fld_1769078_1_opt1807457\"\n                >\n                            <input\n                                                                type=\"checkbox\"\n                                data-label=\"Je souhaite \u00eatre rappel\u00e9(e) pour plus d&#039;informations \"\n                                data-field=\"fld_1769078\"\n                                id=\"fld_1769078_1_opt1807457\"\n                                class=\"fld_1769078_1\"\n                                name=\"fld_1769078[opt1807457]\"\n                                value=\"Je souhaite \u00eatre rappel\u00e9(e) pour plus d&#039;informations \"\n                                                                data-type=\"checkbox\"\n                                data-checkbox-field=\"fld_1769078_1\"\n                                                                data-calc-value=\"Je souhaite \u00eatre rappel\u00e9(e) pour plus d&#039;informations \"\n                            >\n                    Je souhaite \u00eatre rappel\u00e9(e) pour plus d'informations                 <\/label>\n\n                \t\t\t\t\t\t\t<\/div>\r\n<\/div>\r\n<\/div><\/div><div id=\"CF604f77fa85359_1-row-4\"  class=\"row \"><div  class=\"col-sm-12  single\"><div class=\"\"><h2>Comment pouvons-nous vous aider ?<\/h2>\n<p>N\u2019h\u00e9sitez pas \u00e0 poser une question ou \u00e0 simplement laisser un commentaire.<\/p>\n<hr>\n<\/div><\/div><\/div><div id=\"CF604f77fa85359_1-row-5\"  class=\"row \"><div  class=\"col-sm-12  single\"><div data-field-wrapper=\"fld_7683514\" class=\"form-group\" id=\"fld_7683514_1-wrap\">\r\n\t<label id=\"fld_7683514Label\" for=\"fld_7683514_1\" class=\"control-label\">Commentaires\/questions <span aria-hidden=\"true\" role=\"presentation\" class=\"field_required\" style=\"color:#ee0000;\">*<\/span><\/label>\r\n\t<div class=\"\">\r\n\t\t<textarea name=\"fld_7683514\" value=\"\" data-field=\"fld_7683514\" class=\"form-control\" id=\"fld_7683514_1\" rows=\"7\"  required=\"required\"  aria-labelledby=\"fld_7683514Label\" ><\/textarea>\n\t\t\t<\/div>\r\n<\/div>\r\n<\/div><\/div><div id=\"CF604f77fa85359_1-row-6\"  class=\"row  last_row\"><div  class=\"col-sm-12  single\"><div data-field-wrapper=\"fld_7908577\" class=\"form-group\" id=\"fld_7908577_1-wrap\">\r\n<div class=\"\">\r\n\t<input  class=\"btn btn-default\" type=\"submit\" name=\"fld_7908577\" id=\"fld_7908577_1\" value=\"Envoyer le message\" data-field=\"fld_7908577\"  >\n<\/div>\r\n<\/div>\r\n\t<input class=\"button_trigger_1\" type=\"hidden\" name=\"fld_7908577\" id=\"fld_7908577_1_btn\" value=\"\" data-field=\"fld_7908577\"  \/>\n<\/div><\/div><\/form>\r\n<\/div>\r\n\n<\/div>\n<\/div><\/div><\/div><div id=\"pgc-93-0-1\"  class=\"panel-grid-cell\" ><div id=\"panel-93-0-1-0\" class=\"so-panel widget widget_sow-editor panel-first-child panel-last-child\" data-index=\"1\" ><div class=\"bloc_documents panel-widget-style panel-widget-style-for-93-0-1-0\" ><div\n\t\t\t\n\t\t\tclass=\"so-widget-sow-editor so-widget-sow-editor-base\"\n\t\t\t\n\t\t><h3 class=\"widget-title\">Nous \u00e9crire<\/h3>\n<div class=\"siteorigin-widget-tinymce textwidget\">\n\t<p style=\"text-align: center;\"><strong>ERCA<\/strong><\/p>\n<p style=\"text-align: center;\">19 avenue de Gascogne<\/p>\n<p style=\"text-align: center;\">32730 Villcomtal sur Arros<\/p>\n<\/div>\n<\/div><\/div><\/div><\/div><\/div><div id=\"pg-93-1\"  class=\"panel-grid panel-no-style\" ><div id=\"pgc-93-1-0\"  class=\"panel-grid-cell\" ><div id=\"panel-93-1-0-0\" class=\"so-panel widget widget_sow-editor panel-first-child panel-last-child\" data-index=\"2\" ><div\n\t\t\t\n\t\t\tclass=\"so-widget-sow-editor so-widget-sow-editor-base\"\n\t\t\t\n\t\t>\n<div class=\"siteorigin-widget-tinymce textwidget\">\n\t<p><img loading=\"lazy\" decoding=\"async\" class=\"alignnone wp-image-524 size-full\" src=\"http:\/\/erca32.fr\/wp-content\/uploads\/2021\/10\/20190408_Paysage_Brumes_RobertMauro-scaled.jpg\" alt=\"\" width=\"2560\" height=\"1195\" srcset=\"https:\/\/erca32.fr\/wp-content\/uploads\/2021\/10\/20190408_Paysage_Brumes_RobertMauro-scaled.jpg 2560w, https:\/\/erca32.fr\/wp-content\/uploads\/2021\/10\/20190408_Paysage_Brumes_RobertMauro-300x140.jpg 300w, https:\/\/erca32.fr\/wp-content\/uploads\/2021\/10\/20190408_Paysage_Brumes_RobertMauro-1024x478.jpg 1024w, https:\/\/erca32.fr\/wp-content\/uploads\/2021\/10\/20190408_Paysage_Brumes_RobertMauro-768x359.jpg 768w, https:\/\/erca32.fr\/wp-content\/uploads\/2021\/10\/20190408_Paysage_Brumes_RobertMauro-1536x717.jpg 1536w, https:\/\/erca32.fr\/wp-content\/uploads\/2021\/10\/20190408_Paysage_Brumes_RobertMauro-2048x956.jpg 2048w\" sizes=\"auto, (max-width: 2560px) 100vw, 2560px\" \/><\/p>\n<\/div>\n<\/div><\/div><\/div><\/div><\/div>","protected":false},"excerpt":{"rendered":"<p>ERCA 19 avenue de Gascogne 32730 Villcomtal sur Arros<\/p>\n","protected":false},"author":1,"featured_media":0,"parent":0,"menu_order":0,"comment_status":"closed","ping_status":"closed","template":"templates\/template-full.php","meta":{"footnotes":""},"class_list":["post-93","page","type-page","status-publish","hentry","post"],"_links":{"self":[{"href":"https:\/\/erca32.fr\/index.php\/wp-json\/wp\/v2\/pages\/93","targetHints":{"allow":["GET"]}}],"collection":[{"href":"https:\/\/erca32.fr\/index.php\/wp-json\/wp\/v2\/pages"}],"about":[{"href":"https:\/\/erca32.fr\/index.php\/wp-json\/wp\/v2\/types\/page"}],"author":[{"embeddable":true,"href":"https:\/\/erca32.fr\/index.php\/wp-json\/wp\/v2\/users\/1"}],"replies":[{"embeddable":true,"href":"https:\/\/erca32.fr\/index.php\/wp-json\/wp\/v2\/comments?post=93"}],"version-history":[{"count":10,"href":"https:\/\/erca32.fr\/index.php\/wp-json\/wp\/v2\/pages\/93\/revisions"}],"predecessor-version":[{"id":525,"href":"https:\/\/erca32.fr\/index.php\/wp-json\/wp\/v2\/pages\/93\/revisions\/525"}],"wp:attachment":[{"href":"https:\/\/erca32.fr\/index.php\/wp-json\/wp\/v2\/media?parent=93"}],"curies":[{"name":"wp","href":"https:\/\/api.w.org\/{rel}","templated":true}]}}